{"id":3252,"date":"2024-11-22T01:10:09","date_gmt":"2024-11-22T01:10:09","guid":{"rendered":"https:\/\/www.picdrop.com\/web?page_id=3252"},"modified":"2025-12-08T21:06:21","modified_gmt":"2025-12-08T21:06:21","slug":"mentions-legales","status":"publish","type":"page","link":"https:\/\/www.picdrop.com\/web\/fr\/mentions-legales","title":{"rendered":"Imprint"},"content":{"rendered":"\t\t<div data-elementor-type=\"wp-page\" data-elementor-id=\"3252\" class=\"elementor elementor-3252 elementor-257\" data-elementor-post-type=\"page\">\n\t\t\t\t<div class=\"elementor-element elementor-element-242bd21 e-flex e-con-boxed e-con e-parent\" data-id=\"242bd21\" data-element_type=\"container\">\n\t\t\t\t\t<div class=\"e-con-inner\">\n\t\t\t\t<div class=\"elementor-element elementor-element-4239119 elementor-widget elementor-widget-heading\" data-id=\"4239119\" data-element_type=\"widget\" data-widget_type=\"heading.default\">\n\t\t\t\t<div class=\"elementor-widget-container\">\n\t\t\t\t\t<h1 class=\"elementor-heading-title elementor-size-default\">Mentions L\u00e9gales<\/h1>\t\t\t\t<\/div>\n\t\t\t\t<\/div>\n\t\t\t\t<div class=\"elementor-element elementor-element-219447e elementor-widget elementor-widget-text-editor\" data-id=\"219447e\" data-element_type=\"widget\" data-widget_type=\"text-editor.default\">\n\t\t\t\t<div class=\"elementor-widget-container\">\n\t\t\t\t\t\t\t\t\t<p><strong>\u00c9diteur du site<br \/><\/strong>PicDrop GmbH<br \/>Am Kupfergraben 4\/4a<br \/>10117 Berlin<br \/>Allemagne<\/p><p><strong>Contact<\/strong><br \/>Assistance: <a href=\"https:\/\/www.picdrop.com\/web\/help\">Par ici, s\u2019il vous pla\u00eet<\/a><br \/>Contactez-nous \u00e0 tout moment \u00e0 l\u2019adresse <a href=\"mailto:info@picdrop.com\">info@picdrop.com<\/a><br \/>T\u00e9l\u00e9phone: +49 (0)30 555 74 793 (du lundi au jeudi, de 13h \u00e0 16h)<\/p><p><strong>Repr\u00e9sentant l\u00e9gal<\/strong>: Nicky Szmala<br \/>Soci\u00e9t\u00e9 \u00e0 responsabilit\u00e9 limit\u00e9e immatricul\u00e9e au registre du commerce de Berlin (Amtsgericht Berlin-Charlottenburg) sous le num\u00e9ro HRB 173131<br \/>Num\u00e9ro de TVA intracommunautaire: DE305469813<\/p>\t\t\t\t\t\t\t\t<\/div>\n\t\t\t\t<\/div>\n\t\t\t\t\t<\/div>\n\t\t\t\t<\/div>\n\t\t\t\t<\/div>\n\t\t","protected":false},"excerpt":{"rendered":"<p>Mentions L\u00e9gales \u00c9diteur du sitePicDrop GmbHAm Kupfergraben 4\/4a10117 BerlinAllemagne ContactAssistance: Par ici, s\u2019il vous pla\u00eetContactez-nous \u00e0 tout moment \u00e0 l\u2019adresse info@picdrop.comT\u00e9l\u00e9phone: +49 (0)30 555 74 793 (du lundi au jeudi, de 13h \u00e0 16h) Repr\u00e9sentant l\u00e9gal: Nicky SzmalaSoci\u00e9t\u00e9 \u00e0 responsabilit\u00e9 limit\u00e9e immatricul\u00e9e au registre du commerce de Berlin (Amtsgericht Berlin-Charlottenburg) sous le num\u00e9ro HRB 173131Num\u00e9ro [&hellip;]<\/p>\n","protected":false},"author":18,"featured_media":0,"parent":0,"menu_order":0,"comment_status":"closed","ping_status":"closed","template":"","meta":{"inline_featured_image":false,"footnotes":""},"class_list":["post-3252","page","type-page","status-publish","hentry"],"_links":{"self":[{"href":"https:\/\/www.picdrop.com\/web\/fr\/wp-json\/wp\/v2\/pages\/3252","targetHints":{"allow":["GET"]}}],"collection":[{"href":"https:\/\/www.picdrop.com\/web\/fr\/wp-json\/wp\/v2\/pages"}],"about":[{"href":"https:\/\/www.picdrop.com\/web\/fr\/wp-json\/wp\/v2\/types\/page"}],"author":[{"embeddable":true,"href":"https:\/\/www.picdrop.com\/web\/fr\/wp-json\/wp\/v2\/users\/18"}],"replies":[{"embeddable":true,"href":"https:\/\/www.picdrop.com\/web\/fr\/wp-json\/wp\/v2\/comments?post=3252"}],"version-history":[{"count":0,"href":"https:\/\/www.picdrop.com\/web\/fr\/wp-json\/wp\/v2\/pages\/3252\/revisions"}],"wp:attachment":[{"href":"https:\/\/www.picdrop.com\/web\/fr\/wp-json\/wp\/v2\/media?parent=3252"}],"curies":[{"name":"wp","href":"https:\/\/api.w.org\/{rel}","templated":true}]}}