{"id":976,"date":"2024-11-22T01:10:09","date_gmt":"2024-11-22T01:10:09","guid":{"rendered":"https:\/\/www.picdrop.com\/?page_id=976"},"modified":"2025-06-17T15:57:45","modified_gmt":"2025-06-17T15:57:45","slug":"imprint","status":"publish","type":"page","link":"https:\/\/www.picdrop.com\/web\/de\/imprint","title":{"rendered":"Impressum"},"content":{"rendered":"\t\t<div data-elementor-type=\"wp-page\" data-elementor-id=\"976\" class=\"elementor elementor-976 elementor-257\" data-elementor-post-type=\"page\">\n\t\t\t\t<div class=\"elementor-element elementor-element-242bd21 e-flex e-con-boxed e-con e-parent\" data-id=\"242bd21\" data-element_type=\"container\">\n\t\t\t\t\t<div class=\"e-con-inner\">\n\t\t\t\t<div class=\"elementor-element elementor-element-4239119 elementor-widget elementor-widget-heading\" data-id=\"4239119\" data-element_type=\"widget\" data-widget_type=\"heading.default\">\n\t\t\t\t<div class=\"elementor-widget-container\">\n\t\t\t\t\t<h1 class=\"elementor-heading-title elementor-size-default\">Impressum<\/h1>\t\t\t\t<\/div>\n\t\t\t\t<\/div>\n\t\t\t\t<div class=\"elementor-element elementor-element-219447e elementor-widget elementor-widget-text-editor\" data-id=\"219447e\" data-element_type=\"widget\" data-widget_type=\"text-editor.default\">\n\t\t\t\t<div class=\"elementor-widget-container\">\n\t\t\t\t\t\t\t\t\t<p><strong>PicDrop GmbH<\/strong><br \/>Am Kupfergraben 4\/4a<br \/>10117 Berlin<br \/>Deutschland<\/p><p><strong>Hilfe\/Support:\u00a0<\/strong><a href=\"https:\/\/www.picdrop.com\/web\/de\/help\"><strong>bitte hier entlang.<\/strong><\/a><strong><br \/><\/strong> Infos zu uns und unserem Team <a href=\"https:\/\/www.picdrop.com\/web\/about-us-contact\">bekommst du hier.<\/a><br \/>Kontaktieren kannst du uns unter\u00a0<a href=\"mailto:info@picdrop.com\">info@picdrop.com<\/a><br \/>Telefon: 030 \u2013 555 74 793 (Mo-Do, 12-16 Uhr)<\/p><p>Gesch\u00e4ftsf\u00fchrer: Nicky Szmala<br \/>Handelsregister: Amtsgericht Berlin (Charlottenburg), HRB 173131<br \/>Umsatzsteuer-Identifikationsnummer gem\u00e4\u00df \u00a727a Umsatzsteuergesetz: DE305469813<\/p>\t\t\t\t\t\t\t\t<\/div>\n\t\t\t\t<\/div>\n\t\t\t\t\t<\/div>\n\t\t\t\t<\/div>\n\t\t\t\t<\/div>\n\t\t","protected":false},"excerpt":{"rendered":"<p>Impressum PicDrop GmbHAm Kupfergraben 4\/4a10117 BerlinDeutschland Hilfe\/Support:\u00a0bitte hier entlang. Infos zu uns und unserem Team bekommst du hier.Kontaktieren kannst du uns unter\u00a0info@picdrop.comTelefon: 030 \u2013 555 74 793 (Mo-Do, 12-16 Uhr) Gesch\u00e4ftsf\u00fchrer: Nicky SzmalaHandelsregister: Amtsgericht Berlin (Charlottenburg), HRB 173131Umsatzsteuer-Identifikationsnummer gem\u00e4\u00df \u00a727a Umsatzsteuergesetz: DE305469813<\/p>\n","protected":false},"author":18,"featured_media":0,"parent":0,"menu_order":0,"comment_status":"closed","ping_status":"closed","template":"","meta":{"inline_featured_image":false,"footnotes":""},"class_list":["post-976","page","type-page","status-publish","hentry"],"_links":{"self":[{"href":"https:\/\/www.picdrop.com\/web\/de\/wp-json\/wp\/v2\/pages\/976","targetHints":{"allow":["GET"]}}],"collection":[{"href":"https:\/\/www.picdrop.com\/web\/de\/wp-json\/wp\/v2\/pages"}],"about":[{"href":"https:\/\/www.picdrop.com\/web\/de\/wp-json\/wp\/v2\/types\/page"}],"author":[{"embeddable":true,"href":"https:\/\/www.picdrop.com\/web\/de\/wp-json\/wp\/v2\/users\/18"}],"replies":[{"embeddable":true,"href":"https:\/\/www.picdrop.com\/web\/de\/wp-json\/wp\/v2\/comments?post=976"}],"version-history":[{"count":0,"href":"https:\/\/www.picdrop.com\/web\/de\/wp-json\/wp\/v2\/pages\/976\/revisions"}],"wp:attachment":[{"href":"https:\/\/www.picdrop.com\/web\/de\/wp-json\/wp\/v2\/media?parent=976"}],"curies":[{"name":"wp","href":"https:\/\/api.w.org\/{rel}","templated":true}]}}